{"id":4334,"date":"2018-12-05T06:55:35","date_gmt":"2018-12-05T06:55:35","guid":{"rendered":"https:\/\/themes.zytheme.com\/kolaso\/?page_id=4334"},"modified":"2020-06-30T13:00:30","modified_gmt":"2020-06-30T13:00:30","slug":"contact-us","status":"publish","type":"page","link":"https:\/\/www.jrpmatt.polimi.it\/?page_id=4334","title":{"rendered":"Contatti"},"content":{"rendered":"<section class=\"wpb-content-wrapper\"><p>[vc_row css=&#8221;.vc_custom_1543993652668{padding-top: 130px !important;padding-bottom: 130px !important;}&#8221;][vc_column width=&#8221;1\/3&#8243;]<div  class=\"kolaso_contact contact\"><div class=\"contact-panel text-center\"><div class=\"contact-icon\"><i class=\"kolaso-Globe\"><\/i><\/div><!-- .contact-icon end --><div class=\"contact-content\"><h4>Indirizzo<\/h4><p>Via Antonio Ghislanzoni, 73<br \/>\nLECCO ITALIA<\/p><\/div><!-- .contact-content end --><div class=\"contact-more\"><a class=\"btn btn-underlined\" href=\"https:\/\/www.google.it\/maps\/dir\/Via+Antonio+Ghislanzoni,+73,+23900+Lecco+LC\/\/@45.8474691,9.3960556,17z\/data=!4m8!4m7!1m5!1m1!1s0x47841d337a25d555:0x2c6a6ace6486042e!2m2!1d9.4001585!2d45.8465409!1m0\" title=\"Directions\" target=\"_blank\">Directions<\/a><\/div><!-- .contact-more end --><\/div><\/div>[\/vc_column][vc_column width=&#8221;1\/3&#8243;]<div  class=\"kolaso_contact contact\"><div class=\"contact-panel text-center\"><div class=\"contact-icon\"><i class=\"kolaso-Mail\"><\/i><\/div><!-- .contact-icon end --><div class=\"contact-content\"><h4>e-mail<\/h4><p>Contatattaci al nostro indirizzo email jrcmatt@polimi.it<\/p><\/div><!-- .contact-content end --><div class=\"contact-more\"><a class=\"btn btn-underlined\" href=\"mailto:jrcmatt@polimi.it\" title=\"Contact Us\" target=\"_self\">Contact Us<\/a><\/div><!-- .contact-more end --><\/div><\/div>[\/vc_column][vc_column width=&#8221;1\/3&#8243;]<div  class=\"kolaso_contact contact\"><div class=\"contact-panel text-center\"><div class=\"contact-icon\"><i class=\"kolaso-Globe\"><\/i><\/div><!-- .contact-icon end --><div class=\"contact-content\"><h4>Polo Territorile di Lecco<\/h4><p>Via Gaetano Previati, 1\/C<br \/>\n23900 LECCO ITALIA<\/p><\/div><!-- .contact-content end --><div class=\"contact-more\"><a class=\"btn btn-underlined\" href=\"http:\/\/polo-lecco.polimi.it\" title=\"Polo territoriale di Lecco\" target=\"_blank\">Polo territoriale di Lecco<\/a><\/div><!-- .contact-more end --><\/div><\/div>[\/vc_column][\/vc_row][vc_row full_width=&#8221;stretch_row_content_no_spaces&#8221;][vc_column][vc_gmaps link=&#8221;#E-8_JTNDaWZyYW1lJTIwc3JjJTNEJTIyaHR0cHMlM0ElMkYlMkZ3d3cuZ29vZ2xlLmNvbSUyRm1hcHMlMkZlbWJlZCUzRnBiJTNEJTIxMW0xOCUyMTFtMTIlMjExbTMlMjExZDEzODkuNjE2NjgxMTY4ODM0MiUyMTJkOS4zOTkwNzQ4ODU4MDA2OCUyMTNkNDUuODQ2NjI4NjkyODk2NzElMjEybTMlMjExZjAlMjEyZjAlMjEzZjAlMjEzbTIlMjExaTEwMjQlMjEyaTc2OCUyMTRmMTMuMSUyMTNtMyUyMTFtMiUyMTFzMHg0Nzg0MWQzMzdhMjVkNTU1JTI1M0EweDJjNmE2YWNlNjQ4NjA0MmUlMjEyc1ZpYSUyNTIwQW50b25pbyUyNTIwR2hpc2xhbnpvbmklMjUyQyUyNTIwNzMlMjUyQyUyNTIwMjM5MDAlMjUyMExlY2NvJTI1MjBMQyUyMTVlMCUyMTNtMiUyMTFzZW4lMjEyc2l0JTIxNHYxNTkzNTE0MzE0MjY1JTIxNW0yJTIxMXNlbiUyMTJzaXQlMjIlMjB3aWR0aCUzRCUyMjYwMCUyMiUyMGhlaWdodCUzRCUyMjQ1MCUyMiUyMGZyYW1lYm9yZGVyJTNEJTIyMCUyMiUyMHN0eWxlJTNEJTIyYm9yZGVyJTNBMCUzQiUyMiUyMGFsbG93ZnVsbHNjcmVlbiUzRCUyMiUyMiUyMGFyaWEtaGlkZGVuJTNEJTIyZmFsc2UlMjIlMjB0YWJpbmRleCUzRCUyMjAlMjIlM0UlM0MlMkZpZnJhbWUlM0U=&#8221;][\/vc_column][\/vc_row][vc_row full_width=&#8221;stretch_row&#8221; css=&#8221;.vc_custom_1544315454197{padding-top: 130px !important;padding-bottom: 130px !important;background-color: #f9f9f9 !important;}&#8221;][vc_column offset=&#8221;vc_col-lg-6 vc_col-md-6&#8243;]<div id=\"spacer69e3ba1d36749\" class=\"kolaso_spacer h-sm-10 h-xs-10\"><\/div>[vc_column_text]<img loading=\"lazy\" decoding=\"async\" class=\"size-medium wp-image-5214 aligncenter\" src=\"https:\/\/www.jrpmatt.polimi.it\/wp-content\/uploads\/2020\/06\/microscopio-300x200.jpg\" alt=\"\" width=\"600\" height=\"400\" srcset=\"https:\/\/www.jrpmatt.polimi.it\/wp-content\/uploads\/2020\/06\/microscopio-300x200.jpg 300w, https:\/\/www.jrpmatt.polimi.it\/wp-content\/uploads\/2020\/06\/microscopio-1024x682.jpg 1024w, https:\/\/www.jrpmatt.polimi.it\/wp-content\/uploads\/2020\/06\/microscopio-768x512.jpg 768w, https:\/\/www.jrpmatt.polimi.it\/wp-content\/uploads\/2020\/06\/microscopio-1536x1024.jpg 1536w, https:\/\/www.jrpmatt.polimi.it\/wp-content\/uploads\/2020\/06\/microscopio-555x370.jpg 555w, https:\/\/www.jrpmatt.polimi.it\/wp-content\/uploads\/2020\/06\/microscopio-600x400.jpg 600w, https:\/\/www.jrpmatt.polimi.it\/wp-content\/uploads\/2020\/06\/microscopio.jpg 2000w\" sizes=\"auto, (max-width: 600px) 100vw, 600px\" \/>[\/vc_column_text]<div id=\"spacer69e3ba1d3675f\" class=\"kolaso_spacer h-sm-5 h-xs-5\"><\/div>[\/vc_column][vc_column offset=&#8221;vc_col-lg-6 vc_col-md-6&#8243;][vc_column_text]<\/p>\n<h2>Dove siamo<\/h2>\n<p>[\/vc_column_text][vc_empty_space height=&#8221;60px&#8221;][vc_row_inner][vc_column_inner]<div  class=\"zytheme_features features features-3\"><div class=\"feature-panel text-left\"><div class=\"feature-icon\" style=\"color:#5bbdb5;\"><i class=\"fa fa-map-o\"><\/i><\/div><!-- .feature-icon end --><div class=\"feature-content\"><p>La sede del centro di ricerca sar\u00e0 a Lecco presso la ex sede della Mario Frigerio S.p.A. che, in seguito a lavori di ristrutturazione, ospiter\u00e0 infrastrutture di ricerca applicata per poter effettuare sperimentazioni in condizioni di reale operativit\u00e0. La sede si trova a soli 400 mt dal Polo territoriale di Lecco del Politecnico di Milano e questo assicura un facile accesso anche alle strutture laboratoriali del campus.<\/p><\/div><!-- .feature-content end --><\/div><\/div>[\/vc_column_inner][\/vc_row_inner][\/vc_column][\/vc_row][vc_row full_width=&#8221;stretch_row_content_no_spaces&#8221;][vc_column][vc_row_inner css=&#8221;.vc_custom_1542457492302{margin-top: -628px !important;padding-left: 30px !important;}&#8221;][vc_column_inner el_class=&#8221;p-xs-3 p-sm-3 m-xs-0&#8243; css=&#8221;.vc_custom_1543991360469{margin-left: 100px !important;padding-top: 65px !important;padding-right: 85px !important;padding-bottom: 100px !important;padding-left: 85px !important;background-color: #ffffff !important;}&#8221;][\/vc_column_inner][\/vc_row_inner][\/vc_column][\/vc_row][vc_row full_width=&#8221;stretch_row&#8221; css=&#8221;.vc_custom_1593164662188{background-image: url(https:\/\/www.jrpmatt.polimi.it\/wp-content\/uploads\/2020\/06\/contatti.jpg?id=5411) !important;}&#8221;][vc_column][vc_empty_space][vc_row_inner css=&#8221;.vc_custom_1593164668895{background-color: #ffffff !important;}&#8221;][vc_column_inner]<div  class=\"kolaso_heading\"><div class=\"heading  text-left heading-1\"><div class=\"heading-subtitle\" style=\"\">Richiedi informazioni<\/div> <h2 class=\"heading-title\" style=\"\">Contattaci<\/h2><\/div><\/div>[vc_empty_space height=&#8221;60px&#8221;]\n<div class=\"wpcf7 no-js\" id=\"wpcf7-f5409-o1\" lang=\"en-US\" dir=\"ltr\" data-wpcf7-id=\"5409\">\n<div class=\"screen-reader-response\"><p role=\"status\" aria-live=\"polite\" aria-atomic=\"true\"><\/p> <ul><\/ul><\/div>\n<form action=\"\/index.php?rest_route=%2Fwp%2Fv2%2Fpages%2F4334#wpcf7-f5409-o1\" method=\"post\" class=\"wpcf7-form init\" aria-label=\"Contact form\" novalidate=\"novalidate\" data-status=\"init\">\n<fieldset class=\"hidden-fields-container\"><input type=\"hidden\" name=\"_wpcf7\" value=\"5409\" \/><input type=\"hidden\" name=\"_wpcf7_version\" value=\"6.1.5\" \/><input type=\"hidden\" name=\"_wpcf7_locale\" value=\"en_US\" \/><input type=\"hidden\" name=\"_wpcf7_unit_tag\" value=\"wpcf7-f5409-o1\" \/><input type=\"hidden\" name=\"_wpcf7_container_post\" value=\"0\" \/><input type=\"hidden\" name=\"_wpcf7_posted_data_hash\" value=\"\" \/>\n<\/fieldset>\n<p><label style=\"border-radius: 10px;\"> <span class=\"wpcf7-form-control-wrap\" data-name=\"Nome\"><input size=\"40\" maxlength=\"400\" class=\"wpcf7-form-control wpcf7-text wpcf7-validates-as-required\" aria-required=\"true\" aria-invalid=\"false\" value=\"Nome e Cognome:\" type=\"text\" name=\"Nome\" \/><\/span><\/label><label><span class=\"wpcf7-form-control-wrap\" data-name=\"mail\"><input size=\"40\" maxlength=\"400\" class=\"wpcf7-form-control wpcf7-email wpcf7-validates-as-required wpcf7-text wpcf7-validates-as-email\" aria-required=\"true\" aria-invalid=\"false\" value=\"Email:\" type=\"email\" name=\"mail\" \/><\/span> <\/label><br \/>\n<label style=\"width:97%;border-radius: 10px;\"> <span class=\"wpcf7-form-control-wrap\" data-name=\"messaggio\"><textarea cols=\"40\" rows=\"10\" maxlength=\"2000\" class=\"wpcf7-form-control wpcf7-textarea wpcf7-validates-as-required\" aria-required=\"true\" aria-invalid=\"false\" placeholder=\"Messaggio:\" name=\"messaggio\"><\/textarea><\/span><\/label>\n<\/p>\n<p><input class=\"wpcf7-form-control wpcf7-submit has-spinner\" type=\"submit\" value=\"Invia la richiesta\" \/>\n<\/p><div class=\"wpcf7-response-output\" aria-hidden=\"true\"><\/div>\n<\/form>\n<\/div>\n[\/vc_column_inner][\/vc_row_inner][vc_empty_space][\/vc_column][\/vc_row]<\/p>\n<\/section>","protected":false},"excerpt":{"rendered":"<p>[vc_row css=&#8221;.vc_custom_1543993652668{padding-top: 130px !important;padding-bottom: 130px !important;}&#8221;][vc_column width=&#8221;1\/3&#8243;][\/vc_column][vc_column width=&#8221;1\/3&#8243;][\/vc_column][vc_column width=&#8221;1\/3&#8243;][\/vc_column][\/vc_row][vc_row full_width=&#8221;stretch_row_content_no_spaces&#8221;][vc_column][vc_gmaps link=&#8221;#E-8_JTNDaWZyYW1lJTIwc3JjJTNEJTIyaHR0cHMlM0ElMkYlMkZ3d3cuZ29vZ2xlLmNvbSUyRm1hcHMlMkZlbWJlZCUzRnBiJTNEJTIxMW0xOCUyMTFtMTIlMjExbTMlMjExZDEzODkuNjE2NjgxMTY4ODM0MiUyMTJkOS4zOTkwNzQ4ODU4MDA2OCUyMTNkNDUuODQ2NjI4NjkyODk2NzElMjEybTMlMjExZjAlMjEyZjAlMjEzZjAlMjEzbTIlMjExaTEwMjQlMjEyaTc2OCUyMTRmMTMuMSUyMTNtMyUyMTFtMiUyMTFzMHg0Nzg0MWQzMzdhMjVkNTU1JTI1M0EweDJjNmE2YWNlNjQ4NjA0MmUlMjEyc1ZpYSUyNTIwQW50b25pbyUyNTIwR2hpc2xhbnpvbmklMjUyQyUyNTIwNzMlMjUyQyUyNTIwMjM5MDAlMjUyMExlY2NvJTI1MjBMQyUyMTVlMCUyMTNtMiUyMTFzZW4lMjEyc2l0JTIxNHYxNTkzNTE0MzE0MjY1JTIxNW0yJTIxMXNlbiUyMTJzaXQlMjIlMjB3aWR0aCUzRCUyMjYwMCUyMiUyMGhlaWdodCUzRCUyMjQ1MCUyMiUyMGZyYW1lYm9yZGVyJTNEJTIyMCUyMiUyMHN0eWxlJTNEJTIyYm9yZGVyJTNBMCUzQiUyMiUyMGFsbG93ZnVsbHNjcmVlbiUzRCUyMiUyMiUyMGFyaWEtaGlkZGVuJTNEJTIyZmFsc2UlMjIlMjB0YWJpbmRleCUzRCUyMjAlMjIlM0UlM0MlMkZpZnJhbWUlM0U=&#8221;][\/vc_column][\/vc_row][vc_row full_width=&#8221;stretch_row&#8221; css=&#8221;.vc_custom_1544315454197{padding-top: 130px !important;padding-bottom: 130px !important;background-color: #f9f9f9 !important;}&#8221;][vc_column offset=&#8221;vc_col-lg-6 vc_col-md-6&#8243;][vc_column_text][\/vc_column_text][\/vc_column][vc_column offset=&#8221;vc_col-lg-6 vc_col-md-6&#8243;][vc_column_text] Dove siamo [\/vc_column_text][vc_empty_space height=&#8221;60px&#8221;][vc_row_inner][vc_column_inner][\/vc_column_inner][\/vc_row_inner][\/vc_column][\/vc_row][vc_row full_width=&#8221;stretch_row_content_no_spaces&#8221;][vc_column][vc_row_inner css=&#8221;.vc_custom_1542457492302{margin-top: -628px !important;padding-left: 30px !important;}&#8221;][vc_column_inner el_class=&#8221;p-xs-3 p-sm-3 m-xs-0&#8243; css=&#8221;.vc_custom_1543991360469{margin-left: 100px !important;padding-top: 65px !important;padding-right: 85px !important;padding-bottom: 100px !important;padding-left: 85px !important;background-color: #ffffff !important;}&#8221;][\/vc_column_inner][\/vc_row_inner][\/vc_column][\/vc_row][vc_row full_width=&#8221;stretch_row&#8221; css=&#8221;.vc_custom_1593164662188{background-image: url(https:\/\/www.jrpmatt.polimi.it\/wp-content\/uploads\/2020\/06\/contatti.jpg?id=5411) !important;}&#8221;][vc_column][vc_empty_space][vc_row_inner css=&#8221;.vc_custom_1593164668895{background-color: #ffffff [&hellip;]<\/p>\n","protected":false},"author":2,"featured_media":0,"parent":0,"menu_order":0,"comment_status":"closed","ping_status":"closed","template":"","meta":{"footnotes":""},"class_list":["post-4334","page","type-page","status-publish","hentry"],"_links":{"self":[{"href":"https:\/\/www.jrpmatt.polimi.it\/index.php?rest_route=\/wp\/v2\/pages\/4334","targetHints":{"allow":["GET"]}}],"collection":[{"href":"https:\/\/www.jrpmatt.polimi.it\/index.php?rest_route=\/wp\/v2\/pages"}],"about":[{"href":"https:\/\/www.jrpmatt.polimi.it\/index.php?rest_route=\/wp\/v2\/types\/page"}],"author":[{"embeddable":true,"href":"https:\/\/www.jrpmatt.polimi.it\/index.php?rest_route=\/wp\/v2\/users\/2"}],"replies":[{"embeddable":true,"href":"https:\/\/www.jrpmatt.polimi.it\/index.php?rest_route=%2Fwp%2Fv2%2Fcomments&post=4334"}],"version-history":[{"count":16,"href":"https:\/\/www.jrpmatt.polimi.it\/index.php?rest_route=\/wp\/v2\/pages\/4334\/revisions"}],"predecessor-version":[{"id":5606,"href":"https:\/\/www.jrpmatt.polimi.it\/index.php?rest_route=\/wp\/v2\/pages\/4334\/revisions\/5606"}],"wp:attachment":[{"href":"https:\/\/www.jrpmatt.polimi.it\/index.php?rest_route=%2Fwp%2Fv2%2Fmedia&parent=4334"}],"curies":[{"name":"wp","href":"https:\/\/api.w.org\/{rel}","templated":true}]}}