{"id":5386,"date":"2020-06-26T08:10:22","date_gmt":"2020-06-26T08:10:22","guid":{"rendered":"https:\/\/www.jrpmatt.polimi.it\/?page_id=5386"},"modified":"2025-04-02T13:50:44","modified_gmt":"2025-04-02T13:50:44","slug":"comitato-guida-2","status":"publish","type":"page","link":"https:\/\/www.jrpmatt.polimi.it\/?page_id=5386","title":{"rendered":"Organi di Gestione"},"content":{"rendered":"<section class=\"wpb-content-wrapper\"><p>[vc_row][vc_column][vc_empty_space][vc_empty_space height=&#8221;10px&#8221;][vc_column_text]<\/p>\n<h4 style=\"color: #5bbdb5;\"><strong>Comitato Guida<\/strong><\/h4>\n<p>[\/vc_column_text][vc_empty_space][vc_row_inner][vc_column_inner][vc_column_text]Il Comitato Guida \u00e8 l\u2019organo di gestione del JRP MATT composto da un rappresentante per ciascun Fondatore.<\/p>\n<p>Compiti:<\/p>\n<p>a) programmazione e gestione economica e operativa delle attivit\u00e0 e dei progetti del JRP MATT<br \/>\nb) monitoraggio e valutazione dei Progetti<br \/>\nc) individuazione e accettazione dei Progetti e definizione del budget<br \/>\nd) attivazione dei Comitati di Progetto;<br \/>\ne) accettazione di nuovi Fondatori, con la qualifica di Fondatori Successivi, Associati e<\/p>\n<p>Affiliati e definizione delle quote di adesione[\/vc_column_text][\/vc_column_inner][\/vc_row_inner][vc_empty_space][vc_separator color=&#8221;custom&#8221; accent_color=&#8221;#5bbdb5&#8243;][\/vc_column][\/vc_row][vc_row][vc_column][vc_empty_space][vc_column_text]<\/p>\n<h4 style=\"color: #5bbdb5; text-align: left;\"><strong>Comitato di Progetto<\/strong><\/h4>\n<p>[\/vc_column_text][vc_empty_space][vc_row_inner][vc_column_inner][vc_column_text]Ogni attivit\u00e0 del JRP dovr\u00e0 prendere la forma di un Progetto, per il quale verr\u00e0 costituito un Comitato di Progetto in cui ogni Fondatore, Associato o Affiliato che vi sia stato ammesso, potr\u00e0 designare un proprio rappresentante.<\/p>\n<p>Compiti:<\/p>\n<p>a) coordinamento del progetto e responsabile dei suoi risultati<br \/>\nb) definizione per ciascuno dei Fondatori, degli Associati e degli Affiliati aderenti al Comitato l\u2019eventuale quota annua o pluriennale di contribuzione (aggiuntiva rispetto alle eventuali quote di partecipazione stabilite dal Comitato Guida) per poter partecipare al relativo progetto<br \/>\nc) definizione annuale del budget[\/vc_column_text][\/vc_column_inner][\/vc_row_inner][vc_empty_space][vc_separator color=&#8221;custom&#8221; accent_color=&#8221;#5bbdb5&#8243;][\/vc_column][\/vc_row][vc_row][vc_column][vc_empty_space][vc_column_text]<\/p>\n<h4 style=\"color: #5bbdb5; text-align: left;\"><strong>Responsabile Scientifico di Progetto<\/strong><\/h4>\n<p>[\/vc_column_text][vc_empty_space][vc_row_inner][vc_column_inner][vc_column_text]Ogni progetto attivato avr\u00e0 un Responsabile Scientifico che avr\u00e0 il compito di:<\/p>\n<p>a) supervisionare la specifica attivit\u00e0 di ricerca<br \/>\nb) formulare proposte relative alla sua implementazione<br \/>\nc) essere responsabile dal punto di vista scientifico dei risultati<br \/>\nd) relazionare in merito al progetto al Comitato Guida[\/vc_column_text][\/vc_column_inner][\/vc_row_inner][vc_empty_space][\/vc_column][\/vc_row]<\/p>\n<\/section>","protected":false},"excerpt":{"rendered":"<p>[vc_row][vc_column][vc_empty_space][vc_empty_space height=&#8221;10px&#8221;][vc_column_text] Comitato Guida [\/vc_column_text][vc_empty_space][vc_row_inner][vc_column_inner][vc_column_text]Il Comitato Guida \u00e8 l\u2019organo di gestione del JRP MATT composto da un rappresentante per ciascun Fondatore. Compiti: a) programmazione e gestione economica e operativa delle attivit\u00e0 e dei progetti del JRP MATT b) monitoraggio e valutazione dei Progetti c) individuazione e accettazione dei Progetti e definizione del budget d) attivazione [&hellip;]<\/p>\n","protected":false},"author":2,"featured_media":0,"parent":0,"menu_order":0,"comment_status":"closed","ping_status":"closed","template":"","meta":{"footnotes":""},"class_list":["post-5386","page","type-page","status-publish","hentry"],"_links":{"self":[{"href":"https:\/\/www.jrpmatt.polimi.it\/index.php?rest_route=\/wp\/v2\/pages\/5386","targetHints":{"allow":["GET"]}}],"collection":[{"href":"https:\/\/www.jrpmatt.polimi.it\/index.php?rest_route=\/wp\/v2\/pages"}],"about":[{"href":"https:\/\/www.jrpmatt.polimi.it\/index.php?rest_route=\/wp\/v2\/types\/page"}],"author":[{"embeddable":true,"href":"https:\/\/www.jrpmatt.polimi.it\/index.php?rest_route=\/wp\/v2\/users\/2"}],"replies":[{"embeddable":true,"href":"https:\/\/www.jrpmatt.polimi.it\/index.php?rest_route=%2Fwp%2Fv2%2Fcomments&post=5386"}],"version-history":[{"count":10,"href":"https:\/\/www.jrpmatt.polimi.it\/index.php?rest_route=\/wp\/v2\/pages\/5386\/revisions"}],"predecessor-version":[{"id":6058,"href":"https:\/\/www.jrpmatt.polimi.it\/index.php?rest_route=\/wp\/v2\/pages\/5386\/revisions\/6058"}],"wp:attachment":[{"href":"https:\/\/www.jrpmatt.polimi.it\/index.php?rest_route=%2Fwp%2Fv2%2Fmedia&parent=5386"}],"curies":[{"name":"wp","href":"https:\/\/api.w.org\/{rel}","templated":true}]}}