{"id":5571,"date":"2020-06-30T12:29:36","date_gmt":"2020-06-30T12:29:36","guid":{"rendered":"https:\/\/www.jrpmatt.polimi.it\/?page_id=5571"},"modified":"2023-07-25T13:02:00","modified_gmt":"2023-07-25T13:02:00","slug":"frigerio","status":"publish","type":"page","link":"https:\/\/www.jrpmatt.polimi.it\/?page_id=5571","title":{"rendered":"Mario Frigerio spa"},"content":{"rendered":"<section class=\"wpb-content-wrapper\"><p>[vc_row][vc_column][vc_empty_space][vc_empty_space][vc_row_inner][vc_column_inner width=&#8221;1\/2&#8243;][vc_single_image image=&#8221;6036&#8243; img_size=&#8221;large&#8221; onclick=&#8221;custom_link&#8221; img_link_target=&#8221;_blank&#8221; link=&#8221;https:\/\/www.mflgroup.com\/EN\/brand\/mario-frigerio&#8221;][\/vc_column_inner][vc_column_inner width=&#8221;1\/2&#8243;][vc_column_text]Mario Frigerio S.p.A. da oltre 120 anni si distingue per la ricerca e l&#8217;innovazione tecnologica. Oggi Mario Frigerio S.pA. \u00e8 parte di MFL GROUP, unico gruppo internazionale riconosciuto al mondo come costruttore di impianti per la lavorazione di fili, funi e cavi di acciaio, rame ed alluminio con applicazioni in diversi settori tra cui l\u2019automotive, le telecomunicazioni, l\u2019oil &amp; gas e l\u2019edilizia.[\/vc_column_text][vc_empty_space][vc_column_text]<\/p>\n<h2>I\u00a0 Fondatori aziendali rispondono<\/h2>\n<p>[\/vc_column_text][vc_empty_space][vc_column_text]<strong>Come primo socio fondatore e proprietaria della futura sede del JRC MATT, qual \u00e8 secondo lei l\u2019importanza della condivisione degli spazi e della prossimit\u00e0 fisica nello sviluppo di un progetto di innovazione complesso come quello che sta nascendo con il JRC? Quale vantaggio nell\u2019innovare insieme nello stesso luogo? <\/strong><\/p>\n<p>\u201cL\u2019Open Innovation \u00e8 un approccio strategico e culturale all\u2019innovazione: oggi \u00e8 pi\u00f9 competitivo non chi produce innovazione internamente ma chi riesce a modulare al meglio ci\u00f2 che viene da dentro e ci\u00f2 che pu\u00f2 ricavare dai player esterni. Con la nascita di aree adibite a Distretti di Innovazione, come il JRC Matt, stanno emergendo nuove teorie su come queste iniziative di Open Innovation dovrebbero essere progettate. Tali aree presentano caratteristiche comuni: la vicinanza a universit\u00e0 e centri di ricerca, la concentrazione in un\u2019area sub-urbana in via di riqualificazione, l\u2019elevata connessione urbana tramite mezzi di trasporto efficienti, la presenza di servizi per i cittadini. L\u2019Open Innovation non \u00e8 solo una boccata d\u2019aria per il progresso tecnologico ma ha una potente connotazione sociale e umana\u201d.<\/p>\n<p><strong>Lucia Frigerio<\/strong>, Owner &amp; Executive Vice-President di MFL Group[\/vc_column_text][\/vc_column_inner][\/vc_row_inner][vc_row_inner][vc_column_inner][\/vc_column_inner][\/vc_row_inner][\/vc_column][\/vc_row]<\/p>\n<\/section>","protected":false},"excerpt":{"rendered":"<p>[vc_row][vc_column][vc_empty_space][vc_empty_space][vc_row_inner][vc_column_inner width=&#8221;1\/2&#8243;][vc_single_image image=&#8221;6036&#8243; img_size=&#8221;large&#8221; onclick=&#8221;custom_link&#8221; img_link_target=&#8221;_blank&#8221; link=&#8221;https:\/\/www.mflgroup.com\/EN\/brand\/mario-frigerio&#8221;][\/vc_column_inner][vc_column_inner width=&#8221;1\/2&#8243;][vc_column_text]Mario Frigerio S.p.A. da oltre 120 anni si distingue per la ricerca e l&#8217;innovazione tecnologica. Oggi Mario Frigerio S.pA. \u00e8 parte di MFL GROUP, unico gruppo internazionale riconosciuto al mondo come costruttore di impianti per la lavorazione di fili, funi e cavi di acciaio, rame ed alluminio con [&hellip;]<\/p>\n","protected":false},"author":2,"featured_media":0,"parent":5325,"menu_order":0,"comment_status":"closed","ping_status":"closed","template":"","meta":{"footnotes":""},"class_list":["post-5571","page","type-page","status-publish","hentry"],"_links":{"self":[{"href":"https:\/\/www.jrpmatt.polimi.it\/index.php?rest_route=\/wp\/v2\/pages\/5571","targetHints":{"allow":["GET"]}}],"collection":[{"href":"https:\/\/www.jrpmatt.polimi.it\/index.php?rest_route=\/wp\/v2\/pages"}],"about":[{"href":"https:\/\/www.jrpmatt.polimi.it\/index.php?rest_route=\/wp\/v2\/types\/page"}],"author":[{"embeddable":true,"href":"https:\/\/www.jrpmatt.polimi.it\/index.php?rest_route=\/wp\/v2\/users\/2"}],"replies":[{"embeddable":true,"href":"https:\/\/www.jrpmatt.polimi.it\/index.php?rest_route=%2Fwp%2Fv2%2Fcomments&post=5571"}],"version-history":[{"count":13,"href":"https:\/\/www.jrpmatt.polimi.it\/index.php?rest_route=\/wp\/v2\/pages\/5571\/revisions"}],"predecessor-version":[{"id":6043,"href":"https:\/\/www.jrpmatt.polimi.it\/index.php?rest_route=\/wp\/v2\/pages\/5571\/revisions\/6043"}],"up":[{"embeddable":true,"href":"https:\/\/www.jrpmatt.polimi.it\/index.php?rest_route=\/wp\/v2\/pages\/5325"}],"wp:attachment":[{"href":"https:\/\/www.jrpmatt.polimi.it\/index.php?rest_route=%2Fwp%2Fv2%2Fmedia&parent=5571"}],"curies":[{"name":"wp","href":"https:\/\/api.w.org\/{rel}","templated":true}]}}