{"id":5917,"date":"2020-07-24T08:54:28","date_gmt":"2020-07-24T08:54:28","guid":{"rendered":"https:\/\/www.jrpmatt.polimi.it\/?page_id=5917"},"modified":"2020-07-24T08:57:55","modified_gmt":"2020-07-24T08:57:55","slug":"itla-bonaiti-s-r-l","status":"publish","type":"page","link":"https:\/\/www.jrpmatt.polimi.it\/?page_id=5917","title":{"rendered":"Itla Bonaiti S.r.l."},"content":{"rendered":"<section class=\"wpb-content-wrapper\"><p>[vc_row][vc_column][vc_empty_space][vc_row_inner][vc_column_inner width=&#8221;1\/2&#8243;][vc_single_image image=&#8221;5913&#8243; img_size=&#8221;large&#8221; onclick=&#8221;custom_link&#8221; img_link_target=&#8221;_blank&#8221; link=&#8221;http:\/\/www.agrati.com\/&#8221;][\/vc_column_inner][vc_column_inner width=&#8221;1\/2&#8243;][vc_empty_space height=&#8221;15px&#8221;][vc_column_text]Itla Bonaiti Srl is a Join Venture between Itla Srl e Giuseppe &amp; F.lli Bonaiti Spa, started in 2017. With four production plants in northern Italy and more than two hundred employees, it\u2019s the main Italian manufacturer of cold rolled strips in high carbon and special steel, merging knowledge and experience in a single company. Exporting in all Europe and North Africa, Itla Bonaiti covers various industries of application like automotive, precision components, appliances and constructions.[\/vc_column_text][\/vc_column_inner][\/vc_row_inner][vc_row_inner disable_element=&#8221;yes&#8221;][vc_column_inner][vc_empty_space][vc_column_text]<\/p>\n<h2>I\u00a0 Fondatori aziendali rispondono<\/h2>\n<p>[\/vc_column_text][vc_empty_space][vc_column_text]<strong>Come si posiziona la partecipazione al JRC MATT nella strategia di innovazione di Agrati e quali vantaggi pu\u00f2 portare la ricerca collaborativa allo sviluppo del business aziendale?<\/strong><\/p>\n<p>\u201c\u00c8 stato naturale rivolgersi al Politecnico di Milano per costruire questo percorso di open innovation, per almeno due motivi: il primo \u00e8 l\u2019innegabile competenza e le professionalit\u00e0 presenti in un ateneo di livello internazionale, il secondo \u00e8 legato alla sua capacit\u00e0 di attrarre talenti. Agrati ha fortemente voluto partecipare al JRC perch\u00e9 crede nella ricerca condivisa e nella somma delle competenze diffuse sul nostro territorio, che ha sempre ragionato poco in ottica di filiera. Riteniamo che attraverso le attivit\u00e0 del JRC le aziende che partecipano acquisiranno ulteriore vantaggio competitivo in un settore sfidante come il nostro.\u201d<\/p>\n<p><strong>Lorenzo Zaniboni<\/strong>, Group Operation Director di Agrati[\/vc_column_text][\/vc_column_inner][\/vc_row_inner][\/vc_column][\/vc_row]<\/p>\n<\/section>","protected":false},"excerpt":{"rendered":"<p>[vc_row][vc_column][vc_empty_space][vc_row_inner][vc_column_inner width=&#8221;1\/2&#8243;][vc_single_image image=&#8221;5913&#8243; img_size=&#8221;large&#8221; onclick=&#8221;custom_link&#8221; img_link_target=&#8221;_blank&#8221; link=&#8221;http:\/\/www.agrati.com\/&#8221;][\/vc_column_inner][vc_column_inner width=&#8221;1\/2&#8243;][vc_empty_space height=&#8221;15px&#8221;][vc_column_text]Itla Bonaiti Srl is a Join Venture between Itla Srl e Giuseppe &amp; F.lli Bonaiti Spa, started in 2017. With four production plants in northern Italy and more than two hundred employees, it\u2019s the main Italian manufacturer of cold rolled strips in high carbon and special steel, [&hellip;]<\/p>\n","protected":false},"author":2,"featured_media":0,"parent":5624,"menu_order":0,"comment_status":"closed","ping_status":"closed","template":"","meta":{"footnotes":""},"class_list":["post-5917","page","type-page","status-publish","hentry"],"_links":{"self":[{"href":"https:\/\/www.jrpmatt.polimi.it\/index.php?rest_route=\/wp\/v2\/pages\/5917","targetHints":{"allow":["GET"]}}],"collection":[{"href":"https:\/\/www.jrpmatt.polimi.it\/index.php?rest_route=\/wp\/v2\/pages"}],"about":[{"href":"https:\/\/www.jrpmatt.polimi.it\/index.php?rest_route=\/wp\/v2\/types\/page"}],"author":[{"embeddable":true,"href":"https:\/\/www.jrpmatt.polimi.it\/index.php?rest_route=\/wp\/v2\/users\/2"}],"replies":[{"embeddable":true,"href":"https:\/\/www.jrpmatt.polimi.it\/index.php?rest_route=%2Fwp%2Fv2%2Fcomments&post=5917"}],"version-history":[{"count":2,"href":"https:\/\/www.jrpmatt.polimi.it\/index.php?rest_route=\/wp\/v2\/pages\/5917\/revisions"}],"predecessor-version":[{"id":5920,"href":"https:\/\/www.jrpmatt.polimi.it\/index.php?rest_route=\/wp\/v2\/pages\/5917\/revisions\/5920"}],"up":[{"embeddable":true,"href":"https:\/\/www.jrpmatt.polimi.it\/index.php?rest_route=\/wp\/v2\/pages\/5624"}],"wp:attachment":[{"href":"https:\/\/www.jrpmatt.polimi.it\/index.php?rest_route=%2Fwp%2Fv2%2Fmedia&parent=5917"}],"curies":[{"name":"wp","href":"https:\/\/api.w.org\/{rel}","templated":true}]}}