{"id":5921,"date":"2020-07-24T08:54:28","date_gmt":"2020-07-24T08:54:28","guid":{"rendered":"https:\/\/www.jrpmatt.polimi.it\/?page_id=5921"},"modified":"2023-07-25T13:04:05","modified_gmt":"2023-07-25T13:04:05","slug":"itla-bonaiti-s-r-l","status":"publish","type":"page","link":"https:\/\/www.jrpmatt.polimi.it\/?page_id=5921","title":{"rendered":"Itla Bonaiti S.r.l."},"content":{"rendered":"<section class=\"wpb-content-wrapper\"><p>[vc_row][vc_column][vc_empty_space][vc_row_inner][vc_column_inner width=&#8221;1\/2&#8243;][vc_single_image image=&#8221;6039&#8243; img_size=&#8221;large&#8221; onclick=&#8221;custom_link&#8221; img_link_target=&#8221;_blank&#8221; link=&#8221;http:\/\/www.agrati.com\/&#8221;][\/vc_column_inner][vc_column_inner width=&#8221;1\/2&#8243;][vc_empty_space height=&#8221;15px&#8221;][vc_column_text]Itla Bonaiti Srl nasce nel 2017 dalla joint venture tra Itla Srl e Giuseppe &amp; F.lli Bonaiti Spa. Con quattro stabilimenti produttivi nel nord Italia e oltre duecento dipendenti, rappresenta il punto di riferimento in Italia per la rilaminazione a freddo di nastri in acciaio al carbonio e speciale, grazie alla fusione di competenze e esperienze. Esporta i propri prodotti in tutta Europa e Nord Africa, spaziando tra i pi\u00f9 svariati settori di applicazione come automotive, componentistica di precisione, elettrodomestici ed edilizia.[\/vc_column_text][\/vc_column_inner][\/vc_row_inner][vc_row_inner disable_element=&#8221;yes&#8221;][vc_column_inner][vc_empty_space][vc_column_text]<\/p>\n<h2>I\u00a0 Fondatori aziendali rispondono<\/h2>\n<p>[\/vc_column_text][vc_empty_space][vc_column_text]<strong>Come si posiziona la partecipazione al JRC MATT nella strategia di innovazione di Agrati e quali vantaggi pu\u00f2 portare la ricerca collaborativa allo sviluppo del business aziendale?<\/strong><\/p>\n<p>\u201c\u00c8 stato naturale rivolgersi al Politecnico di Milano per costruire questo percorso di open innovation, per almeno due motivi: il primo \u00e8 l\u2019innegabile competenza e le professionalit\u00e0 presenti in un ateneo di livello internazionale, il secondo \u00e8 legato alla sua capacit\u00e0 di attrarre talenti. Agrati ha fortemente voluto partecipare al JRC perch\u00e9 crede nella ricerca condivisa e nella somma delle competenze diffuse sul nostro territorio, che ha sempre ragionato poco in ottica di filiera. Riteniamo che attraverso le attivit\u00e0 del JRC le aziende che partecipano acquisiranno ulteriore vantaggio competitivo in un settore sfidante come il nostro.\u201d<\/p>\n<p><strong>Lorenzo Zaniboni<\/strong>, Group Operation Director di Agrati[\/vc_column_text][\/vc_column_inner][\/vc_row_inner][\/vc_column][\/vc_row]<\/p>\n<\/section>","protected":false},"excerpt":{"rendered":"<p>[vc_row][vc_column][vc_empty_space][vc_row_inner][vc_column_inner width=&#8221;1\/2&#8243;][vc_single_image image=&#8221;6039&#8243; img_size=&#8221;large&#8221; onclick=&#8221;custom_link&#8221; img_link_target=&#8221;_blank&#8221; link=&#8221;http:\/\/www.agrati.com\/&#8221;][\/vc_column_inner][vc_column_inner width=&#8221;1\/2&#8243;][vc_empty_space height=&#8221;15px&#8221;][vc_column_text]Itla Bonaiti Srl nasce nel 2017 dalla joint venture tra Itla Srl e Giuseppe &amp; F.lli Bonaiti Spa. Con quattro stabilimenti produttivi nel nord Italia e oltre duecento dipendenti, rappresenta il punto di riferimento in Italia per la rilaminazione a freddo di nastri in acciaio al carbonio [&hellip;]<\/p>\n","protected":false},"author":2,"featured_media":0,"parent":5325,"menu_order":0,"comment_status":"closed","ping_status":"closed","template":"","meta":{"footnotes":""},"class_list":["post-5921","page","type-page","status-publish","hentry"],"_links":{"self":[{"href":"https:\/\/www.jrpmatt.polimi.it\/index.php?rest_route=\/wp\/v2\/pages\/5921","targetHints":{"allow":["GET"]}}],"collection":[{"href":"https:\/\/www.jrpmatt.polimi.it\/index.php?rest_route=\/wp\/v2\/pages"}],"about":[{"href":"https:\/\/www.jrpmatt.polimi.it\/index.php?rest_route=\/wp\/v2\/types\/page"}],"author":[{"embeddable":true,"href":"https:\/\/www.jrpmatt.polimi.it\/index.php?rest_route=\/wp\/v2\/users\/2"}],"replies":[{"embeddable":true,"href":"https:\/\/www.jrpmatt.polimi.it\/index.php?rest_route=%2Fwp%2Fv2%2Fcomments&post=5921"}],"version-history":[{"count":3,"href":"https:\/\/www.jrpmatt.polimi.it\/index.php?rest_route=\/wp\/v2\/pages\/5921\/revisions"}],"predecessor-version":[{"id":6046,"href":"https:\/\/www.jrpmatt.polimi.it\/index.php?rest_route=\/wp\/v2\/pages\/5921\/revisions\/6046"}],"up":[{"embeddable":true,"href":"https:\/\/www.jrpmatt.polimi.it\/index.php?rest_route=\/wp\/v2\/pages\/5325"}],"wp:attachment":[{"href":"https:\/\/www.jrpmatt.polimi.it\/index.php?rest_route=%2Fwp%2Fv2%2Fmedia&parent=5921"}],"curies":[{"name":"wp","href":"https:\/\/api.w.org\/{rel}","templated":true}]}}